{"id":2630,"date":"2023-01-13T23:04:53","date_gmt":"2023-01-13T23:04:53","guid":{"rendered":"https:\/\/ameralex.com\/?page_id=2630-old"},"modified":"2023-02-13T21:57:23","modified_gmt":"2023-02-13T21:57:23","slug":"productos","status":"publish","type":"page","link":"https:\/\/ameralex.com\/?page_id=2630","title":{"rendered":"PRODUCTOS"},"content":{"rendered":"<div data-colibri-id=\"2630-c1\" class=\"style-697 style-local-2630-c1 position-relative\">\n  <!---->\n  <div data-colibri-component=\"section\" data-colibri-id=\"2630-c2\" id=\"content\" class=\"h-section h-section-global-spacing d-flex align-items-lg-center align-items-md-center align-items-center style-702 style-local-2630-c2 position-relative\">\n    <!---->\n    <!---->\n    <div class=\"h-section-grid-container h-section-boxed-container\">\n      <!---->\n      <div data-colibri-id=\"2630-c18\" class=\"h-row-container gutters-row-lg-2 gutters-row-md-2 gutters-row-0 gutters-row-v-lg-2 gutters-row-v-md-2 gutters-row-v-2 style-982 style-local-2630-c18 position-relative\">\n        <!---->\n        <div class=\"h-row justify-content-lg-center justify-content-md-center justify-content-center align-items-lg-stretch align-items-md-stretch align-items-stretch gutters-col-lg-2 gutters-col-md-2 gutters-col-0 gutters-col-v-lg-2 gutters-col-v-md-2 gutters-col-v-2\">\n          <!---->\n          <div class=\"h-column h-column-container d-flex h-col-lg-auto h-col-md-auto h-col-auto style-983-outer style-local-2630-c19-outer\">\n            <div data-colibri-id=\"2630-c19\" class=\"d-flex h-flex-basis h-column__inner h-px-lg-2 h-px-md-2 h-px-2 v-inner-lg-2 v-inner-md-2 v-inner-2 style-983 style-local-2630-c19 position-relative\">\n              <!---->\n              <!---->\n              <div class=\"w-100 h-y-container h-column__content h-column__v-align flex-basis-100 align-self-lg-start align-self-md-start align-self-start\">\n                <!---->\n                <div data-colibri-id=\"2630-c20\" class=\"h-global-transition-all h-heading style-984 style-local-2630-c20 position-relative h-element\">\n                  <!---->\n                  <div class=\"h-heading__outer style-984 style-local-2630-c20\">\n                    <!---->\n                    <!---->\n                    <h1 class=\"\">Productos<\/h1>\n                  <\/div>\n                <\/div>\n              <\/div>\n            <\/div>\n          <\/div>\n        <\/div>\n      <\/div>\n      <div data-colibri-id=\"2630-c3\" class=\"h-row-container gutters-row-lg-2 gutters-row-md-2 gutters-row-2 gutters-row-v-lg-2 gutters-row-v-md-2 gutters-row-v-2 style-703 style-local-2630-c3 position-relative\">\n        <!---->\n        <div class=\"h-row justify-content-lg-center justify-content-md-center justify-content-center align-items-lg-stretch align-items-md-stretch align-items-stretch gutters-col-lg-2 gutters-col-md-2 gutters-col-2 gutters-col-v-lg-2 gutters-col-v-md-2 gutters-col-v-2\">\n          <!---->\n          <div class=\"h-column h-column-container d-flex h-col-lg-auto h-col-md-auto h-col-auto style-704-outer style-local-2630-c4-outer\">\n            <div data-colibri-id=\"2630-c4\" class=\"d-flex h-flex-basis h-column__inner h-px-lg-0 h-px-md-2 h-px-0 v-inner-lg-0 v-inner-md-2 v-inner-0 style-704 style-local-2630-c4 position-relative\">\n              <!---->\n              <!---->\n              <div class=\"w-100 h-y-container h-column__content h-column__v-align flex-basis-100 align-self-lg-center align-self-md-center align-self-center\">\n                <!---->\n                <div data-colibri-id=\"2630-c5\" class=\"d-block style-705 style-local-2630-c5 position-relative h-element\">\n                  <!---->\n                  <div class=\"h-image__frame-container-outer\">\n                    <div class=\"h-image__frame-container\">\n                      <!---->\n                      <!---->\n                      <img loading=\"lazy\" decoding=\"async\" width=\"1024\" height=\"819\" src=\"https:\/\/ameralex.com\/wp-content\/uploads\/2023\/01\/antracita-1.jpg\" class=\"wp-image-2636 style-705-image style-local-2630-c5-image\" alt=\"\" srcset=\"https:\/\/ameralex.com\/wp-content\/uploads\/2023\/01\/antracita-1.jpg 1024w, https:\/\/ameralex.com\/wp-content\/uploads\/2023\/01\/antracita-1-300x240.jpg 300w, https:\/\/ameralex.com\/wp-content\/uploads\/2023\/01\/antracita-1-768x614.jpg 768w\" sizes=\"auto, (max-width: 1024px) 100vw, 1024px\" \/>\n                      <div class=\"h-image__frame h-hide-sm style-705-frameImage style-local-2630-c5-frameImage\"><\/div>\n                    <\/div>\n                  <\/div>\n                <\/div>\n              <\/div>\n            <\/div>\n          <\/div>\n          <div class=\"h-column h-column-container d-flex h-col-lg-auto h-col-md-auto h-col-auto style-706-outer style-local-2630-c6-outer\">\n            <div data-colibri-id=\"2630-c6\" class=\"d-flex h-flex-basis h-column__inner h-px-lg-0 h-px-md-0 h-px-2 v-inner-lg-0 v-inner-md-0 v-inner-2 style-706 style-local-2630-c6 position-relative\">\n              <!---->\n              <!---->\n              <div class=\"w-100 h-y-container h-column__content h-column__v-align flex-basis-100 align-self-lg-center align-self-md-center align-self-center\">\n                <!---->\n                <div data-colibri-id=\"2630-c7\" class=\"h-global-transition-all h-heading style-707 style-local-2630-c7 position-relative h-element\">\n                  <!---->\n                  <div class=\"h-heading__outer style-707 style-local-2630-c7\">\n                    <!---->\n                    <!---->\n                    <h3 class=\"\">ANTRACITA<\/h3>\n                  <\/div>\n                <\/div>\n                <div data-colibri-id=\"2630-c8\" class=\"h-text h-text-component style-708 style-local-2630-c8 position-relative h-element\">\n                  <!---->\n                  <!---->\n                  <div class=\"\">\n                    <p>La Antracita es el carb\u00f3n con la m\u00e1s alta calidad del mercado, ya que este presenta un gran porcentaje de carbono fijo ya que este pasa muchos a\u00f1os bajo tierra someti\u00e9ndose a altas temperaturas y presi\u00f3n sobre este.<\/p>\n                    <p><strong>Usos de la Antracita<\/strong><\/p>\n                    <ul>\n                      <li>Purificaci\u00f3n de agua: debido a la densidad una que presenta el carb\u00f3n antracita este es muy \u00fatil en plantas purificadoras de agua sea para su consumo humano. Procesos industriales y de residuos.<\/li>\n                      <li>Filtraci\u00f3n y purificaci\u00f3n de procesos qu\u00edmicos<\/li>\n                      <li>Fundiciones especiales a mayor temperatura<\/li>\n                      <li>Centrales de energ\u00eda t\u00e9rmica<\/li>\n                    <\/ul>\n                    <p>\n                      <br>\n                    <\/p>\n                  <\/div>\n                <\/div>\n              <\/div>\n            <\/div>\n          <\/div>\n        <\/div>\n      <\/div>\n    <\/div>\n  <\/div>\n  <div data-colibri-component=\"section\" data-colibri-id=\"2630-c9\" id=\"content-2\" class=\"h-section h-section-global-spacing d-flex align-items-lg-center align-items-md-center align-items-center style-711 style-local-2630-c9 position-relative\">\n    <!---->\n    <!---->\n    <div class=\"h-section-grid-container h-section-boxed-container\">\n      <!---->\n      <div data-colibri-id=\"2630-c10\" class=\"h-row-container gutters-row-lg-2 gutters-row-md-2 gutters-row-2 gutters-row-v-lg-2 gutters-row-v-md-2 gutters-row-v-2 style-712 style-local-2630-c10 position-relative\">\n        <!---->\n        <div class=\"h-row justify-content-lg-center justify-content-md-center justify-content-center align-items-lg-stretch align-items-md-stretch align-items-stretch gutters-col-lg-2 gutters-col-md-2 gutters-col-2 gutters-col-v-lg-2 gutters-col-v-md-2 gutters-col-v-2\">\n          <!---->\n          <div class=\"h-column h-column-container d-flex h-col-lg-auto h-col-md-auto h-col-auto style-713-outer style-local-2630-c11-outer\">\n            <div data-colibri-id=\"2630-c11\" class=\"d-flex h-flex-basis h-column__inner h-px-lg-0 h-px-md-0 h-px-2 v-inner-lg-0 v-inner-md-0 v-inner-2 style-713 style-local-2630-c11 position-relative\">\n              <!---->\n              <!---->\n              <div class=\"w-100 h-y-container h-column__content h-column__v-align flex-basis-100 align-self-lg-center align-self-md-center align-self-center\">\n                <!---->\n                <div data-colibri-id=\"2630-c12\" class=\"h-global-transition-all h-heading style-714 style-local-2630-c12 position-relative h-element\">\n                  <!---->\n                  <div class=\"h-heading__outer style-714 style-local-2630-c12\">\n                    <!---->\n                    <!---->\n                    <h3 class=\"\">CARB\u00d3N METAL\u00daRGICO <\/h3>\n                  <\/div>\n                <\/div>\n                <div data-colibri-id=\"2630-c13\" class=\"h-global-transition-all h-heading style-720 style-local-2630-c13 position-relative h-element\">\n                  <!---->\n                  <div class=\"h-heading__outer style-720 style-local-2630-c13\">\n                    <!---->\n                    <!---->\n                    <h4 class=\"\">(bajo Vol\u00e1til)<\/h4>\n                  <\/div>\n                <\/div>\n                <div data-colibri-id=\"2630-c14\" class=\"h-global-transition-all h-heading style-721 style-local-2630-c14 position-relative h-element\">\n                  <!---->\n                  <div class=\"h-heading__outer style-721 style-local-2630-c14\">\n                    <!---->\n                    <!---->\n                    <h6 class=\"\">Aplicaciones t\u00edpicas: <\/h6>\n                  <\/div>\n                <\/div>\n                <div data-colibri-id=\"2630-c15\" class=\"h-text h-text-component style-715 style-local-2630-c15 position-relative h-element\">\n                  <!---->\n                  <!---->\n                  <div class=\"\">\n                    <p><span style=\"font-weight: 400; font-size: 16px; font-family: &quot;Open Sans&quot;; color: rgb(70, 112, 127);\">El carb\u00f3n metal\u00fargico o coquizable es fundamental en el proceso de la producci\u00f3n de coque del cual obtienen arrabio en altos hornos, este material es una materia prima para la obtenci\u00f3n de acero y otros usos metal\u00fargicos.<\/span><\/p>\n                  <\/div>\n                <\/div>\n              <\/div>\n            <\/div>\n          <\/div>\n          <div class=\"h-column h-column-container d-flex h-col-lg-auto h-col-md-auto h-col-auto style-718-outer style-local-2630-c16-outer\">\n            <div data-colibri-id=\"2630-c16\" class=\"d-flex h-flex-basis h-column__inner h-px-lg-0 h-px-md-2 h-px-0 v-inner-lg-0 v-inner-md-2 v-inner-0 style-718 style-local-2630-c16 position-relative\">\n              <!---->\n              <!---->\n              <div class=\"w-100 h-y-container h-column__content h-column__v-align flex-basis-100 align-self-lg-center align-self-md-center align-self-center\">\n                <!---->\n                <div data-colibri-id=\"2630-c17\" class=\"d-block style-719 style-local-2630-c17 position-relative h-element\">\n                  <!---->\n                  <div class=\"h-image__frame-container-outer\">\n                    <div class=\"h-image__frame-container\">\n                      <!---->\n                      <!---->\n                      <img loading=\"lazy\" decoding=\"async\" width=\"2560\" height=\"1694\" src=\"https:\/\/ameralex.com\/wp-content\/uploads\/2023\/01\/metalurgico-scaled.jpg\" class=\"wp-image-569 style-719-image style-local-2630-c17-image\" alt=\"\" srcset=\"https:\/\/ameralex.com\/wp-content\/uploads\/2023\/01\/metalurgico-scaled.jpg 2560w, https:\/\/ameralex.com\/wp-content\/uploads\/2023\/01\/metalurgico-300x198.jpg 300w, https:\/\/ameralex.com\/wp-content\/uploads\/2023\/01\/metalurgico-1024x677.jpg 1024w, https:\/\/ameralex.com\/wp-content\/uploads\/2023\/01\/metalurgico-768x508.jpg 768w, https:\/\/ameralex.com\/wp-content\/uploads\/2023\/01\/metalurgico-1536x1016.jpg 1536w, https:\/\/ameralex.com\/wp-content\/uploads\/2023\/01\/metalurgico-2048x1355.jpg 2048w\" sizes=\"auto, (max-width: 2560px) 100vw, 2560px\" \/>\n                      <div class=\"h-image__frame h-hide-sm style-719-frameImage style-local-2630-c17-frameImage\"><\/div>\n                    <\/div>\n                  <\/div>\n                <\/div>\n              <\/div>\n            <\/div>\n          <\/div>\n        <\/div>\n      <\/div>\n    <\/div>\n  <\/div>\n<\/div>","protected":false},"excerpt":{"rendered":"<p>Productos ANTRACITA La Antracita es el carb\u00f3n con la m\u00e1s alta calidad del mercado, ya que este presenta un gran porcentaje de carbono fijo ya que este pasa muchos a\u00f1os bajo tierra someti\u00e9ndose a altas temperaturas y presi\u00f3n sobre este. Usos de la Antracita Purificaci\u00f3n de agua: debido a la densidad una que presenta el [&hellip;]<\/p>\n","protected":false},"author":1,"featured_media":0,"parent":0,"menu_order":0,"comment_status":"closed","ping_status":"closed","template":"page-templates\/full-width-page.php","meta":{"footnotes":""},"class_list":["post-2630","page","type-page","status-publish","hentry"],"_links":{"self":[{"href":"https:\/\/ameralex.com\/index.php?rest_route=\/wp\/v2\/pages\/2630","targetHints":{"allow":["GET"]}}],"collection":[{"href":"https:\/\/ameralex.com\/index.php?rest_route=\/wp\/v2\/pages"}],"about":[{"href":"https:\/\/ameralex.com\/index.php?rest_route=\/wp\/v2\/types\/page"}],"author":[{"embeddable":true,"href":"https:\/\/ameralex.com\/index.php?rest_route=\/wp\/v2\/users\/1"}],"replies":[{"embeddable":true,"href":"https:\/\/ameralex.com\/index.php?rest_route=%2Fwp%2Fv2%2Fcomments&post=2630"}],"version-history":[{"count":8,"href":"https:\/\/ameralex.com\/index.php?rest_route=\/wp\/v2\/pages\/2630\/revisions"}],"predecessor-version":[{"id":3564,"href":"https:\/\/ameralex.com\/index.php?rest_route=\/wp\/v2\/pages\/2630\/revisions\/3564"}],"wp:attachment":[{"href":"https:\/\/ameralex.com\/index.php?rest_route=%2Fwp%2Fv2%2Fmedia&parent=2630"}],"curies":[{"name":"wp","href":"https:\/\/api.w.org\/{rel}","templated":true}]}}