{"id":3313,"date":"2023-02-08T20:30:56","date_gmt":"2023-02-08T20:30:56","guid":{"rendered":"https:\/\/ameralex.com\/?page_id=3313"},"modified":"2023-06-30T16:11:14","modified_gmt":"2023-06-30T16:11:14","slug":"ubicacion","status":"publish","type":"page","link":"https:\/\/ameralex.com\/?page_id=3313","title":{"rendered":"UBICACION"},"content":{"rendered":"<div data-colibri-id=\"3313-c1\" class=\"style-851 style-local-3313-c1 position-relative\">\n  <!---->\n  <div data-colibri-component=\"section\" data-colibri-id=\"3313-c2\" id=\"about\" class=\"h-section h-section-global-spacing d-flex align-items-lg-center align-items-md-center align-items-center style-852 style-local-3313-c2 position-relative\">\n    <!---->\n    <!---->\n    <div class=\"h-section-grid-container h-section-boxed-container\">\n      <!---->\n      <div data-colibri-id=\"3313-c3\" class=\"h-row-container gutters-row-lg-2 gutters-row-md-2 gutters-row-0 gutters-row-v-lg-2 gutters-row-v-md-2 gutters-row-v-2 style-1003 style-local-3313-c3 position-relative\">\n        <!---->\n        <div class=\"h-row justify-content-lg-center justify-content-md-center justify-content-center align-items-lg-stretch align-items-md-stretch align-items-stretch gutters-col-lg-2 gutters-col-md-2 gutters-col-0 gutters-col-v-lg-2 gutters-col-v-md-2 gutters-col-v-2\">\n          <!---->\n          <div class=\"h-column h-column-container d-flex h-col-lg-auto h-col-md-auto h-col-auto style-1004-outer style-local-3313-c4-outer\">\n            <div data-colibri-id=\"3313-c4\" class=\"d-flex h-flex-basis h-column__inner h-px-lg-2 h-px-md-2 h-px-2 v-inner-lg-2 v-inner-md-2 v-inner-2 style-1004 style-local-3313-c4 position-relative\">\n              <!---->\n              <!---->\n              <div class=\"w-100 h-y-container h-column__content h-column__v-align flex-basis-100 align-self-lg-start align-self-md-start align-self-start\">\n                <!---->\n                <div data-colibri-id=\"3313-c5\" class=\"h-global-transition-all h-heading style-1005 style-local-3313-c5 position-relative h-element\">\n                  <!---->\n                  <div class=\"h-heading__outer style-1005 style-local-3313-c5\">\n                    <!---->\n                    <!---->\n                    <h1 class=\"\">Ubicacion<\/h1>\n                  <\/div>\n                <\/div>\n              <\/div>\n            <\/div>\n          <\/div>\n        <\/div>\n      <\/div>\n      <div data-colibri-id=\"3313-c6\" class=\"h-row-container gutters-row-lg-2 gutters-row-md-2 gutters-row-0 gutters-row-v-lg-2 gutters-row-v-md-2 gutters-row-v-2 style-992 style-local-3313-c6 position-relative\">\n        <!---->\n        <div class=\"h-row justify-content-lg-center justify-content-md-center justify-content-center align-items-lg-stretch align-items-md-stretch align-items-stretch gutters-col-lg-2 gutters-col-md-2 gutters-col-0 gutters-col-v-lg-2 gutters-col-v-md-2 gutters-col-v-2\">\n          <!---->\n          <div class=\"h-column h-column-container d-flex h-col-lg-auto h-col-md-auto h-col-auto style-993-outer style-local-3313-c7-outer\">\n            <div data-colibri-id=\"3313-c7\" class=\"d-flex h-flex-basis h-column__inner h-px-lg-2 h-px-md-2 h-px-2 v-inner-lg-2 v-inner-md-2 v-inner-2 style-993 style-local-3313-c7 position-relative\">\n              <!---->\n              <!---->\n              <div class=\"w-100 h-y-container h-column__content h-column__v-align flex-basis-100 align-self-lg-start align-self-md-start align-self-start\">\n                <!---->\n                <div data-colibri-id=\"3313-c8\" class=\"h-text h-text-component style-1012 style-local-3313-c8 position-relative h-element\">\n                  <!---->\n                  <!---->\n                  <div class=\"\">\n                    <p>Ubicado sobre la cordillera oriental de Colombia en el municipio de Boavita (Boyac\u00e1), se encuentra el titulo minero FFB-081 que cuenta con reservas de carb\u00f3n metal\u00fargico de muy baja volatilidad y de la que probablemente sea la&nbsp;<strong>Antracita&nbsp;<\/strong>m\u00e1s\n                      limpia del mercado.<\/p>\n                    <p><strong>Americana de minerales de Exportaci\u00f3n SAS<\/strong>&nbsp;est\u00e1 progresando en el desarrollo de un proyecto con el que espera dar oportunidades a los habitantes de la regi\u00f3n no solo con inversi\u00f3n minera, si no, adem\u00e1s con planes\n                      inversi\u00f3n social y ambiental.<\/p>\n                    <p>Con una extensi\u00f3n de 1550 Hect\u00e1reas y con recursos estimadas en 41MTn, el proyecto minero FFB-081 es la llave con la que americana de minerales SAS espera hacerse visible a nivel nacional e internacional.<\/p>\n                    <p>\n                      <br>\n                    <\/p>\n                  <\/div>\n                <\/div>\n              <\/div>\n            <\/div>\n          <\/div>\n        <\/div>\n      <\/div>\n      <div data-colibri-id=\"3313-c9\" class=\"h-row-container gutters-row-lg-2 gutters-row-md-2 gutters-row-0 gutters-row-v-lg-2 gutters-row-v-md-2 gutters-row-v-2 style-1153 style-local-3313-c9 position-relative\">\n        <!---->\n        <div class=\"h-row justify-content-lg-center justify-content-md-center justify-content-center align-items-lg-stretch align-items-md-stretch align-items-stretch gutters-col-lg-2 gutters-col-md-2 gutters-col-0 gutters-col-v-lg-2 gutters-col-v-md-2 gutters-col-v-2\">\n          <!---->\n          <div class=\"h-column h-column-container d-flex h-col-lg-auto h-col-md-auto h-col-auto style-1154-outer style-local-3313-c10-outer\">\n            <div data-colibri-id=\"3313-c10\" class=\"d-flex h-flex-basis h-column__inner h-px-lg-2 h-px-md-2 h-px-2 v-inner-lg-2 v-inner-md-2 v-inner-2 style-1154 style-local-3313-c10 position-relative\">\n              <!---->\n              <!---->\n              <div class=\"w-100 h-y-container h-column__content h-column__v-align flex-basis-100 align-self-lg-start align-self-md-start align-self-start\">\n                <!---->\n                <div data-colibri-id=\"3313-c11\" class=\"d-block style-1160 style-local-3313-c11 position-relative h-element\">\n                  <!---->\n                  <div class=\"h-image__frame-container-outer\">\n                    <div class=\"h-image__frame-container\">\n                      <!---->\n                      <!---->\n                      <img loading=\"lazy\" decoding=\"async\" width=\"2400\" height=\"3000\" src=\"https:\/\/ameralex.com\/wp-content\/uploads\/2023\/06\/Sin-titulo.png\" class=\"wp-image-4180 style-1160-image style-local-3313-c11-image\" alt=\"\" srcset=\"https:\/\/ameralex.com\/wp-content\/uploads\/2023\/06\/Sin-titulo.png 2400w, https:\/\/ameralex.com\/wp-content\/uploads\/2023\/06\/Sin-titulo-240x300.png 240w, https:\/\/ameralex.com\/wp-content\/uploads\/2023\/06\/Sin-titulo-819x1024.png 819w, https:\/\/ameralex.com\/wp-content\/uploads\/2023\/06\/Sin-titulo-768x960.png 768w, https:\/\/ameralex.com\/wp-content\/uploads\/2023\/06\/Sin-titulo-1229x1536.png 1229w, https:\/\/ameralex.com\/wp-content\/uploads\/2023\/06\/Sin-titulo-1638x2048.png 1638w\" sizes=\"auto, (max-width: 2400px) 100vw, 2400px\" \/>\n                      <div class=\"h-image__frame h-hide-lg h-hide-md h-hide-sm style-1160-frameImage style-local-3313-c11-frameImage\"><\/div>\n                    <\/div>\n                  <\/div>\n                <\/div>\n              <\/div>\n            <\/div>\n          <\/div>\n        <\/div>\n      <\/div>\n    <\/div>\n  <\/div>\n<\/div>","protected":false},"excerpt":{"rendered":"<p>Ubicacion Ubicado sobre la cordillera oriental de Colombia en el municipio de Boavita (Boyac\u00e1), se encuentra el titulo minero FFB-081 que cuenta con reservas de carb\u00f3n metal\u00fargico de muy baja volatilidad y de la que probablemente sea la&nbsp;Antracita&nbsp;m\u00e1s limpia del mercado. Americana de minerales de Exportaci\u00f3n SAS&nbsp;est\u00e1 progresando en el desarrollo de un proyecto con [&hellip;]<\/p>\n","protected":false},"author":1,"featured_media":0,"parent":0,"menu_order":0,"comment_status":"closed","ping_status":"closed","template":"page-templates\/full-width-page.php","meta":{"footnotes":""},"class_list":["post-3313","page","type-page","status-publish","hentry"],"_links":{"self":[{"href":"https:\/\/ameralex.com\/index.php?rest_route=\/wp\/v2\/pages\/3313","targetHints":{"allow":["GET"]}}],"collection":[{"href":"https:\/\/ameralex.com\/index.php?rest_route=\/wp\/v2\/pages"}],"about":[{"href":"https:\/\/ameralex.com\/index.php?rest_route=\/wp\/v2\/types\/page"}],"author":[{"embeddable":true,"href":"https:\/\/ameralex.com\/index.php?rest_route=\/wp\/v2\/users\/1"}],"replies":[{"embeddable":true,"href":"https:\/\/ameralex.com\/index.php?rest_route=%2Fwp%2Fv2%2Fcomments&post=3313"}],"version-history":[{"count":15,"href":"https:\/\/ameralex.com\/index.php?rest_route=\/wp\/v2\/pages\/3313\/revisions"}],"predecessor-version":[{"id":4182,"href":"https:\/\/ameralex.com\/index.php?rest_route=\/wp\/v2\/pages\/3313\/revisions\/4182"}],"wp:attachment":[{"href":"https:\/\/ameralex.com\/index.php?rest_route=%2Fwp%2Fv2%2Fmedia&parent=3313"}],"curies":[{"name":"wp","href":"https:\/\/api.w.org\/{rel}","templated":true}]}}