{"id":3339,"date":"2023-02-08T20:48:27","date_gmt":"2023-02-08T20:48:27","guid":{"rendered":"https:\/\/ameralex.com\/?page_id=3339"},"modified":"2023-06-30T16:37:46","modified_gmt":"2023-06-30T16:37:46","slug":"bienestar","status":"publish","type":"page","link":"https:\/\/ameralex.com\/?page_id=3339","title":{"rendered":"BIENESTAR"},"content":{"rendered":"<div data-colibri-id=\"3339-c1\" class=\"style-859 style-local-3339-c1 position-relative\">\n  <!---->\n  <div data-colibri-component=\"section\" data-colibri-id=\"3339-c2\" id=\"about\" class=\"h-section h-section-global-spacing d-flex align-items-lg-center align-items-md-center align-items-center style-860 style-local-3339-c2 position-relative\">\n    <!---->\n    <!---->\n    <div class=\"h-section-grid-container h-section-boxed-container\">\n      <!---->\n      <div data-colibri-id=\"3339-c3\" class=\"h-row-container gutters-row-lg-2 gutters-row-md-2 gutters-row-0 gutters-row-v-lg-2 gutters-row-v-md-2 gutters-row-v-2 style-979 style-local-3339-c3 position-relative\">\n        <!---->\n        <div class=\"h-row justify-content-lg-center justify-content-md-center justify-content-center align-items-lg-stretch align-items-md-stretch align-items-stretch gutters-col-lg-2 gutters-col-md-2 gutters-col-0 gutters-col-v-lg-2 gutters-col-v-md-2 gutters-col-v-2\">\n          <!---->\n          <div class=\"h-column h-column-container d-flex h-col-lg-auto h-col-md-auto h-col-auto style-1069-outer style-local-3339-c4-outer\">\n            <div data-colibri-id=\"3339-c4\" class=\"d-flex h-flex-basis h-column__inner h-px-lg-2 h-px-md-2 h-px-2 v-inner-lg-2 v-inner-md-2 v-inner-2 style-1069 style-local-3339-c4 position-relative\">\n              <!---->\n              <!---->\n              <div class=\"w-100 h-y-container h-column__content h-column__v-align flex-basis-100 align-self-lg-start align-self-md-start align-self-start\">\n                <!---->\n                <div data-colibri-id=\"3339-c5\" class=\"d-block style-1070 style-local-3339-c5 position-relative h-element\">\n                  <!---->\n                  <div class=\"h-image__frame-container-outer\">\n                    <div class=\"h-image__frame-container\">\n                      <!---->\n                      <!---->\n                      <img loading=\"lazy\" decoding=\"async\" width=\"1429\" height=\"667\" src=\"https:\/\/ameralex.com\/wp-content\/uploads\/2023\/05\/bienestar-1.png\" class=\"wp-image-3858 style-1070-image style-local-3339-c5-image\" alt=\"\" srcset=\"https:\/\/ameralex.com\/wp-content\/uploads\/2023\/05\/bienestar-1.png 1429w, https:\/\/ameralex.com\/wp-content\/uploads\/2023\/05\/bienestar-1-300x140.png 300w, https:\/\/ameralex.com\/wp-content\/uploads\/2023\/05\/bienestar-1-1024x478.png 1024w, https:\/\/ameralex.com\/wp-content\/uploads\/2023\/05\/bienestar-1-768x358.png 768w\" sizes=\"auto, (max-width: 1429px) 100vw, 1429px\" \/>\n                      <div class=\"h-image__frame h-hide-lg h-hide-md h-hide-sm style-1070-frameImage style-local-3339-c5-frameImage\"><\/div>\n                    <\/div>\n                  <\/div>\n                <\/div>\n              <\/div>\n            <\/div>\n          <\/div>\n        <\/div>\n      <\/div>\n      <div data-colibri-id=\"3339-c6\" class=\"h-row-container gutters-row-lg-0 gutters-row-md-0 gutters-row-0 gutters-row-v-lg-0 gutters-row-v-md-0 gutters-row-v-0 style-861 style-local-3339-c6 position-relative\">\n        <!---->\n        <div class=\"h-row justify-content-lg-center justify-content-md-center justify-content-center align-items-lg-stretch align-items-md-stretch align-items-stretch gutters-col-lg-0 gutters-col-md-0 gutters-col-0 gutters-col-v-lg-0 gutters-col-v-md-0 gutters-col-v-0\">\n          <!---->\n          <div class=\"h-column h-column-container d-flex h-col-lg-auto h-col-md-auto h-col-auto style-862-outer style-local-3339-c7-outer\">\n            <div data-colibri-id=\"3339-c7\" class=\"d-flex h-flex-basis h-column__inner h-px-lg-0 h-px-md-0 h-px-0 v-inner-lg-0 v-inner-md-0 v-inner-0 style-862 style-local-3339-c7 position-relative\">\n              <!---->\n              <!---->\n              <div class=\"w-100 h-y-container h-column__content h-column__v-align flex-basis-100 align-self-lg-start align-self-md-start align-self-start\">\n                <!---->\n                <div data-colibri-id=\"3339-c8\" class=\"h-global-transition-all h-heading style-864 style-local-3339-c8 position-relative h-element\">\n                  <!---->\n                  <div class=\"h-heading__outer style-864 style-local-3339-c8\">\n                    <!---->\n                    <!---->\n                    <h2 class=\"\">Apicultura<\/h2>\n                  <\/div>\n                <\/div>\n                <div data-colibri-id=\"3339-c9\" class=\"h-text h-text-component style-865 style-local-3339-c9 position-relative h-element\">\n                  <!---->\n                  <!---->\n                  <div class=\"\">\n                    <p><strong style=\"color: rgb(70, 112, 127); font-family: Open Sans; font-size: 16px;\">AMERALEX SAS<\/strong><span style=\"color: rgb(70, 112, 127); font-family: Open Sans; font-size: 16px; font-weight: 400;\">&nbsp;en su af\u00e1n de generar una miner\u00eda responsable se ha encaminado en la b\u00fasqueda de proyectos que ayuden al medio ambiente.<\/span><\/p>\n                    <p>\n                      <br>\n                    <\/p>\n                  <\/div>\n                <\/div>\n                <div data-colibri-id=\"3339-c10\" class=\"h-x-container style-867 style-local-3339-c10 position-relative h-element\">\n                  <!---->\n                  <div class=\"h-x-container-inner style-dynamic-3339-c10-group style-867-spacing style-local-3339-c10-spacing\"><span class=\"h-button__outer style-868-outer style-local-3339-c11-outer d-inline-flex h-element\"><a h-use-smooth-scroll=\"true\" href=\"https:\/\/ameralex.com\/?page_id=3364\"  data-colibri-id=\"3339-c11\" class=\"d-flex w-100 align-items-center h-button justify-content-lg-center justify-content-md-center justify-content-center style-868 style-local-3339-c11 position-relative\"><!----><!----> <span>Mas&#8230;<\/span><\/a>\n                    <\/span>\n                  <\/div>\n                <\/div>\n              <\/div>\n            <\/div>\n          <\/div>\n          <div class=\"h-column h-column-container d-flex h-col-lg-auto h-col-md-auto h-col-auto style-866-outer style-local-3339-c12-outer\">\n            <div data-colibri-id=\"3339-c12\" class=\"d-flex h-flex-basis h-column__inner h-ui-empty-state-container h-px-lg-2 h-px-md-2 h-px-2 v-inner-lg-2 v-inner-md-2 v-inner-2 style-866 style-local-3339-c12 position-relative\">\n              <!---->\n              <!---->\n              <div class=\"w-100 h-y-container h-column__content h-column__v-align flex-basis-100\">\n                <!---->\n              <\/div>\n            <\/div>\n          <\/div>\n        <\/div>\n      <\/div>\n    <\/div>\n  <\/div>\n  <div data-colibri-component=\"section\" data-colibri-id=\"3339-c13\" id=\"about-2\" class=\"h-section h-section-global-spacing d-flex align-items-lg-center align-items-md-center align-items-center style-869 style-local-3339-c13 position-relative\">\n    <!---->\n    <!---->\n    <div class=\"h-section-grid-container h-section-boxed-container\">\n      <!---->\n      <div data-colibri-id=\"3339-c14\" class=\"h-row-container gutters-row-lg-0 gutters-row-md-0 gutters-row-0 gutters-row-v-lg-0 gutters-row-v-md-0 gutters-row-v-0 style-870 style-local-3339-c14 position-relative\">\n        <!---->\n        <div class=\"h-row justify-content-lg-center justify-content-md-center justify-content-center align-items-lg-stretch align-items-md-stretch align-items-stretch gutters-col-lg-0 gutters-col-md-0 gutters-col-0 gutters-col-v-lg-0 gutters-col-v-md-0 gutters-col-v-0\">\n          <!---->\n          <div class=\"h-column h-column-container d-flex h-col-lg-auto h-col-md-auto h-col-auto style-871-outer style-local-3339-c15-outer\">\n            <div data-colibri-id=\"3339-c15\" class=\"d-flex h-flex-basis h-column__inner h-px-lg-0 h-px-md-0 h-px-0 v-inner-lg-0 v-inner-md-0 v-inner-0 style-871 style-local-3339-c15 position-relative\">\n              <!---->\n              <!---->\n              <div class=\"w-100 h-y-container h-column__content h-column__v-align flex-basis-100 align-self-lg-start align-self-md-start align-self-start\">\n                <!---->\n                <div data-colibri-id=\"3339-c16\" class=\"d-block style-1071 style-local-3339-c16 position-relative h-element\">\n                  <!---->\n                  <div class=\"h-image__frame-container-outer\">\n                    <div class=\"h-image__frame-container\">\n                      <!---->\n                      <!---->\n                      <img loading=\"lazy\" decoding=\"async\" width=\"1024\" height=\"819\" src=\"https:\/\/ameralex.com\/wp-content\/uploads\/2023\/01\/antracita-1.jpg\" class=\"wp-image-2636 style-1071-image style-local-3339-c16-image\" alt=\"\" srcset=\"https:\/\/ameralex.com\/wp-content\/uploads\/2023\/01\/antracita-1.jpg 1024w, https:\/\/ameralex.com\/wp-content\/uploads\/2023\/01\/antracita-1-300x240.jpg 300w, https:\/\/ameralex.com\/wp-content\/uploads\/2023\/01\/antracita-1-768x614.jpg 768w\" sizes=\"auto, (max-width: 1024px) 100vw, 1024px\" \/>\n                      <div class=\"h-image__frame h-hide-lg h-hide-md h-hide-sm style-1071-frameImage style-local-3339-c16-frameImage\"><\/div>\n                    <\/div>\n                  <\/div>\n                <\/div>\n              <\/div>\n            <\/div>\n          <\/div>\n          <div class=\"h-column h-column-container d-flex h-col-lg-auto h-col-md-auto h-col-auto style-872-outer style-local-3339-c17-outer\">\n            <div data-colibri-id=\"3339-c17\" class=\"d-flex h-flex-basis h-column__inner h-px-lg-2 h-px-md-2 h-px-2 v-inner-lg-2 v-inner-md-2 v-inner-2 style-872 style-local-3339-c17 position-relative\">\n              <!---->\n              <!---->\n              <div class=\"w-100 h-y-container h-column__content h-column__v-align flex-basis-100 align-self-lg-start align-self-md-start align-self-start\">\n                <!---->\n                <div data-colibri-id=\"3339-c18\" class=\"h-global-transition-all h-heading style-874 style-local-3339-c18 position-relative h-element\">\n                  <!---->\n                  <div class=\"h-heading__outer style-874 style-local-3339-c18\">\n                    <!---->\n                    <!---->\n                    <a href=\"https:\/\/ameralex.com\/?page_id=3000\" h-use-smooth-scroll=\"true\">\n                      <h3 class=\"\">Formalizaci\u00f3n de Mineros Tradicionales<\/h3>\n                    <\/a>\n                  <\/div>\n                <\/div>\n                <div data-colibri-id=\"3339-c19\" class=\"h-text h-text-component style-875 style-local-3339-c19 position-relative h-element\">\n                  <!---->\n                  <!---->\n                  <div class=\"\">\n                    <p><span style=\"font-weight: 400; font-size: 16px; font-family: &quot;Open Sans&quot;; color: rgb(70, 112, 127);\">Americana de minerales de exportaci\u00f3n dentro de su enfoque social ha venido trabajando un proceso de inclusi\u00f3n de los mineros tradicionales, generando la posibilidad de que sus trabajos est\u00e9n cobijados por la ley colombiana.<\/span><\/p>\n                  <\/div>\n                <\/div>\n                <div data-colibri-id=\"3339-c20\" class=\"h-x-container style-876 style-local-3339-c20 position-relative h-element\">\n                  <!---->\n                  <div class=\"h-x-container-inner style-dynamic-3339-c20-group style-876-spacing style-local-3339-c20-spacing\"><span class=\"h-button__outer style-877-outer style-local-3339-c21-outer d-inline-flex h-element\"><a h-use-smooth-scroll=\"true\" href=\"https:\/\/ameralex.com\/?page_id=3000\"  data-colibri-id=\"3339-c21\" class=\"d-flex w-100 align-items-center h-button justify-content-lg-center justify-content-md-center justify-content-center style-877 style-local-3339-c21 position-relative\"><!----><!----> <span>Mas&#8230;<\/span><\/a>\n                    <\/span>\n                  <\/div>\n                <\/div>\n              <\/div>\n            <\/div>\n          <\/div>\n        <\/div>\n      <\/div>\n    <\/div>\n  <\/div>\n  <div data-colibri-component=\"section\" data-colibri-id=\"3339-c22\" id=\"about-3\" class=\"h-section h-section-global-spacing d-flex align-items-lg-center align-items-md-center align-items-center style-1034 style-local-3339-c22 position-relative\">\n    <!---->\n    <!---->\n    <div class=\"h-section-grid-container h-section-boxed-container\">\n      <!---->\n      <div data-colibri-id=\"3339-c23\" class=\"h-row-container gutters-row-lg-0 gutters-row-md-0 gutters-row-0 gutters-row-v-lg-0 gutters-row-v-md-0 gutters-row-v-0 style-1035 style-local-3339-c23 position-relative\">\n        <!---->\n        <div class=\"h-row justify-content-lg-center justify-content-md-center justify-content-center align-items-lg-stretch align-items-md-stretch align-items-stretch gutters-col-lg-0 gutters-col-md-0 gutters-col-0 gutters-col-v-lg-0 gutters-col-v-md-0 gutters-col-v-0\">\n          <!---->\n          <div class=\"h-column h-column-container d-flex h-col-lg-auto h-col-md-auto h-col-auto style-1040-outer style-local-3339-c24-outer\">\n            <div data-colibri-id=\"3339-c24\" class=\"d-flex h-flex-basis h-column__inner h-ui-empty-state-container h-px-lg-2 h-px-md-2 h-px-2 v-inner-lg-2 v-inner-md-2 v-inner-2 style-1040 style-local-3339-c24 position-relative\">\n              <!---->\n              <!---->\n              <div class=\"w-100 h-y-container h-column__content h-column__v-align flex-basis-100\">\n                <!---->\n              <\/div>\n            <\/div>\n          <\/div>\n          <div class=\"h-column h-column-container d-flex h-col-lg-auto h-col-md-auto h-col-auto style-1042-outer style-local-3339-c26-outer\">\n            <div data-colibri-id=\"3339-c26\" class=\"d-flex h-flex-basis h-column__inner h-px-lg-2 h-px-md-2 h-px-2 v-inner-lg-2 v-inner-md-2 v-inner-2 style-1042 style-local-3339-c26 position-relative\">\n              <!---->\n              <!---->\n              <div class=\"w-100 h-y-container h-column__content h-column__v-align flex-basis-100 align-self-lg-start align-self-md-start align-self-start\">\n                <!---->\n                <div data-colibri-id=\"3339-c27\" class=\"d-block style-1043 style-local-3339-c27 position-relative h-element\">\n                  <!---->\n                  <div class=\"h-image__frame-container-outer\">\n                    <div class=\"h-image__frame-container\">\n                      <!---->\n                      <!---->\n                      <img loading=\"lazy\" decoding=\"async\" width=\"1600\" height=\"1204\" src=\"https:\/\/ameralex.com\/wp-content\/uploads\/2023\/05\/WhatsApp-Image-2023-05-29-at-3.02.06-PM2.jpeg\" class=\"wp-image-3807 style-1043-image style-local-3339-c27-image\" alt=\"\" srcset=\"https:\/\/ameralex.com\/wp-content\/uploads\/2023\/05\/WhatsApp-Image-2023-05-29-at-3.02.06-PM2.jpeg 1600w, https:\/\/ameralex.com\/wp-content\/uploads\/2023\/05\/WhatsApp-Image-2023-05-29-at-3.02.06-PM2-300x226.jpeg 300w, https:\/\/ameralex.com\/wp-content\/uploads\/2023\/05\/WhatsApp-Image-2023-05-29-at-3.02.06-PM2-1024x771.jpeg 1024w, https:\/\/ameralex.com\/wp-content\/uploads\/2023\/05\/WhatsApp-Image-2023-05-29-at-3.02.06-PM2-768x578.jpeg 768w, https:\/\/ameralex.com\/wp-content\/uploads\/2023\/05\/WhatsApp-Image-2023-05-29-at-3.02.06-PM2-1536x1156.jpeg 1536w\" sizes=\"auto, (max-width: 1600px) 100vw, 1600px\" \/>\n                      <div class=\"h-image__frame h-hide-lg h-hide-md h-hide-sm style-1043-frameImage style-local-3339-c27-frameImage\"><\/div>\n                    <\/div>\n                  <\/div>\n                <\/div>\n                <div data-colibri-id=\"3339-c28\" class=\"d-block style-1047 style-local-3339-c28 position-relative h-element\">\n                  <!---->\n                  <div class=\"h-image__frame-container-outer\">\n                    <div class=\"h-image__frame-container\">\n                      <!---->\n                      <!---->\n                      <img loading=\"lazy\" decoding=\"async\" width=\"1203\" height=\"1206\" src=\"https:\/\/ameralex.com\/wp-content\/uploads\/2023\/05\/cropped-WhatsApp-Image-2023-05-29-at-3.02.06-PM3.jpeg\" class=\"wp-image-3811 style-1047-image style-local-3339-c28-image\" alt=\"\" srcset=\"https:\/\/ameralex.com\/wp-content\/uploads\/2023\/05\/cropped-WhatsApp-Image-2023-05-29-at-3.02.06-PM3.jpeg 1203w, https:\/\/ameralex.com\/wp-content\/uploads\/2023\/05\/cropped-WhatsApp-Image-2023-05-29-at-3.02.06-PM3-300x300.jpeg 300w, https:\/\/ameralex.com\/wp-content\/uploads\/2023\/05\/cropped-WhatsApp-Image-2023-05-29-at-3.02.06-PM3-1021x1024.jpeg 1021w, https:\/\/ameralex.com\/wp-content\/uploads\/2023\/05\/cropped-WhatsApp-Image-2023-05-29-at-3.02.06-PM3-150x150.jpeg 150w, https:\/\/ameralex.com\/wp-content\/uploads\/2023\/05\/cropped-WhatsApp-Image-2023-05-29-at-3.02.06-PM3-768x770.jpeg 768w\" sizes=\"auto, (max-width: 1203px) 100vw, 1203px\" \/>\n                      <div class=\"h-image__frame h-hide-lg h-hide-md h-hide-sm style-1047-frameImage style-local-3339-c28-frameImage\"><\/div>\n                    <\/div>\n                  <\/div>\n                <\/div>\n                <div data-colibri-id=\"3339-c29\" class=\"d-block style-1053 style-local-3339-c29 position-relative h-element\">\n                  <!---->\n                  <div class=\"h-image__frame-container-outer\">\n                    <div class=\"h-image__frame-container\">\n                      <!---->\n                      <!---->\n                      <img loading=\"lazy\" decoding=\"async\" width=\"1203\" height=\"1206\" src=\"https:\/\/ameralex.com\/wp-content\/uploads\/2023\/05\/cropped-WhatsApp-Image-2023-05-29-at-3.02.06-PM1.jpeg\" class=\"wp-image-3812 style-1053-image style-local-3339-c29-image\" alt=\"\" srcset=\"https:\/\/ameralex.com\/wp-content\/uploads\/2023\/05\/cropped-WhatsApp-Image-2023-05-29-at-3.02.06-PM1.jpeg 1203w, https:\/\/ameralex.com\/wp-content\/uploads\/2023\/05\/cropped-WhatsApp-Image-2023-05-29-at-3.02.06-PM1-300x300.jpeg 300w, https:\/\/ameralex.com\/wp-content\/uploads\/2023\/05\/cropped-WhatsApp-Image-2023-05-29-at-3.02.06-PM1-1021x1024.jpeg 1021w, https:\/\/ameralex.com\/wp-content\/uploads\/2023\/05\/cropped-WhatsApp-Image-2023-05-29-at-3.02.06-PM1-150x150.jpeg 150w, https:\/\/ameralex.com\/wp-content\/uploads\/2023\/05\/cropped-WhatsApp-Image-2023-05-29-at-3.02.06-PM1-768x770.jpeg 768w\" sizes=\"auto, (max-width: 1203px) 100vw, 1203px\" \/>\n                      <div class=\"h-image__frame h-hide-lg h-hide-md h-hide-sm style-1053-frameImage style-local-3339-c29-frameImage\"><\/div>\n                    <\/div>\n                  <\/div>\n                <\/div>\n                <div data-colibri-id=\"3339-c30\" class=\"d-block style-1064 style-local-3339-c30 position-relative h-element\">\n                  <!---->\n                  <div class=\"h-image__frame-container-outer\">\n                    <div class=\"h-image__frame-container\">\n                      <!---->\n                      <!---->\n                      <img loading=\"lazy\" decoding=\"async\" width=\"1204\" height=\"1206\" src=\"https:\/\/ameralex.com\/wp-content\/uploads\/2023\/05\/cropped-WhatsApp-Image-2023-05-29-at-3.13.45-PM1.jpeg\" class=\"wp-image-3814 style-1064-image style-local-3339-c30-image\" alt=\"\" srcset=\"https:\/\/ameralex.com\/wp-content\/uploads\/2023\/05\/cropped-WhatsApp-Image-2023-05-29-at-3.13.45-PM1.jpeg 1204w, https:\/\/ameralex.com\/wp-content\/uploads\/2023\/05\/cropped-WhatsApp-Image-2023-05-29-at-3.13.45-PM1-300x300.jpeg 300w, https:\/\/ameralex.com\/wp-content\/uploads\/2023\/05\/cropped-WhatsApp-Image-2023-05-29-at-3.13.45-PM1-1022x1024.jpeg 1022w, https:\/\/ameralex.com\/wp-content\/uploads\/2023\/05\/cropped-WhatsApp-Image-2023-05-29-at-3.13.45-PM1-150x150.jpeg 150w, https:\/\/ameralex.com\/wp-content\/uploads\/2023\/05\/cropped-WhatsApp-Image-2023-05-29-at-3.13.45-PM1-768x769.jpeg 768w\" sizes=\"auto, (max-width: 1204px) 100vw, 1204px\" \/>\n                      <div class=\"h-image__frame h-hide-lg h-hide-md h-hide-sm style-1064-frameImage style-local-3339-c30-frameImage\"><\/div>\n                    <\/div>\n                  <\/div>\n                <\/div>\n              <\/div>\n            <\/div>\n          <\/div>\n          <div class=\"h-column h-column-container d-flex h-col-lg-auto h-col-md-auto h-col-auto style-1065-outer style-local-3339-c31-outer\">\n            <div data-colibri-id=\"3339-c31\" class=\"d-flex h-flex-basis h-column__inner h-px-lg-2 h-px-md-2 h-px-2 v-inner-lg-2 v-inner-md-2 v-inner-2 style-1065 style-local-3339-c31 position-relative\">\n              <!---->\n              <!---->\n              <div class=\"w-100 h-y-container h-column__content h-column__v-align flex-basis-100 align-self-lg-start align-self-md-start align-self-start\">\n                <!---->\n                <div data-colibri-id=\"3339-c32\" class=\"h-global-transition-all h-heading style-1038 style-local-3339-c32 position-relative h-element\">\n                  <!---->\n                  <div class=\"h-heading__outer style-1038 style-local-3339-c32\">\n                    <!---->\n                    <!---->\n                    <h5 class=\"\">28\/04\/2023\n                      <br>\n                    <\/h5>\n                  <\/div>\n                <\/div>\n                <div data-colibri-id=\"3339-c33\" class=\"h-text h-text-component style-1068 style-local-3339-c33 position-relative h-element\">\n                  <!---->\n                  <!---->\n                  <div class=\"\">\n                    <h5>D\u00eda del Ni\u00f1o<\/h5>\n                  <\/div>\n                <\/div>\n                <div data-colibri-id=\"3339-c34\" class=\"h-text h-text-component style-1050 style-local-3339-c34 position-relative h-element\">\n                  <!---->\n                  <!---->\n                  <div class=\"\">\n                    <p>Celebraci\u00f3n del d\u00eda del ni\u00f1o con los alumnos de las escuelitas de la vereda Cabuyal (Boavita), reconocimiento a los hijos de los colaboradores por la inocencia, alegr\u00eda que transmiten.\n                      <br>\n                    <\/p>\n                  <\/div>\n                <\/div>\n              <\/div>\n            <\/div>\n          <\/div>\n        <\/div>\n      <\/div>\n      <div data-colibri-id=\"3339-c49\" class=\"h-row-container gutters-row-lg-2 gutters-row-md-2 gutters-row-0 gutters-row-v-lg-2 gutters-row-v-md-2 gutters-row-v-2 style-1175 style-local-3339-c49 position-relative\">\n        <!---->\n        <div class=\"h-row justify-content-lg-center justify-content-md-center justify-content-center align-items-lg-stretch align-items-md-stretch align-items-stretch gutters-col-lg-2 gutters-col-md-2 gutters-col-0 gutters-col-v-lg-2 gutters-col-v-md-2 gutters-col-v-2\">\n          <!---->\n          <div class=\"h-column h-column-container d-flex h-col-lg-auto h-col-md-auto h-col-auto style-1176-outer style-local-3339-c50-outer\">\n            <div data-colibri-id=\"3339-c50\" class=\"d-flex h-flex-basis h-column__inner h-ui-empty-state-container h-px-lg-2 h-px-md-2 h-px-2 v-inner-lg-2 v-inner-md-2 v-inner-2 style-1176 style-local-3339-c50 position-relative\">\n              <!---->\n              <!---->\n              <div class=\"w-100 h-y-container h-column__content h-column__v-align flex-basis-100\">\n                <!---->\n              <\/div>\n            <\/div>\n          <\/div>\n        <\/div>\n      <\/div>\n    <\/div>\n  <\/div>\n<\/div>","protected":false},"excerpt":{"rendered":"<p>Apicultura AMERALEX SAS&nbsp;en su af\u00e1n de generar una miner\u00eda responsable se ha encaminado en la b\u00fasqueda de proyectos que ayuden al medio ambiente. Mas&#8230; Formalizaci\u00f3n de Mineros Tradicionales Americana de minerales de exportaci\u00f3n dentro de su enfoque social ha venido trabajando un proceso de inclusi\u00f3n de los mineros tradicionales, generando la posibilidad de que sus [&hellip;]<\/p>\n","protected":false},"author":1,"featured_media":0,"parent":0,"menu_order":0,"comment_status":"closed","ping_status":"closed","template":"page-templates\/full-width-page.php","meta":{"footnotes":""},"class_list":["post-3339","page","type-page","status-publish","hentry"],"_links":{"self":[{"href":"https:\/\/ameralex.com\/index.php?rest_route=\/wp\/v2\/pages\/3339","targetHints":{"allow":["GET"]}}],"collection":[{"href":"https:\/\/ameralex.com\/index.php?rest_route=\/wp\/v2\/pages"}],"about":[{"href":"https:\/\/ameralex.com\/index.php?rest_route=\/wp\/v2\/types\/page"}],"author":[{"embeddable":true,"href":"https:\/\/ameralex.com\/index.php?rest_route=\/wp\/v2\/users\/1"}],"replies":[{"embeddable":true,"href":"https:\/\/ameralex.com\/index.php?rest_route=%2Fwp%2Fv2%2Fcomments&post=3339"}],"version-history":[{"count":20,"href":"https:\/\/ameralex.com\/index.php?rest_route=\/wp\/v2\/pages\/3339\/revisions"}],"predecessor-version":[{"id":4203,"href":"https:\/\/ameralex.com\/index.php?rest_route=\/wp\/v2\/pages\/3339\/revisions\/4203"}],"wp:attachment":[{"href":"https:\/\/ameralex.com\/index.php?rest_route=%2Fwp%2Fv2%2Fmedia&parent=3339"}],"curies":[{"name":"wp","href":"https:\/\/api.w.org\/{rel}","templated":true}]}}