{"id":3364,"date":"2023-02-08T21:20:25","date_gmt":"2023-02-08T21:20:25","guid":{"rendered":"https:\/\/ameralex.com\/?page_id=3364"},"modified":"2023-06-23T14:10:59","modified_gmt":"2023-06-23T14:10:59","slug":"apicultura","status":"publish","type":"page","link":"https:\/\/ameralex.com\/?page_id=3364","title":{"rendered":"APICULTURA"},"content":{"rendered":"<div data-colibri-id=\"3364-c1\" class=\"style-878 style-local-3364-c1 position-relative\">\n  <!---->\n  <div data-colibri-component=\"section\" data-colibri-id=\"3364-c2\" id=\"overlappable-2\" class=\"h-section h-section-global-spacing d-flex align-items-lg-center align-items-md-center align-items-center style-887 style-local-3364-c2 position-relative\">\n    <!---->\n    <!---->\n    <div class=\"h-section-grid-container h-section-boxed-container\">\n      <!---->\n      <div data-colibri-id=\"3364-c3\" class=\"h-row-container gutters-row-lg-2 gutters-row-md-2 gutters-row-0 gutters-row-v-lg-2 gutters-row-v-md-2 gutters-row-v-2 style-898 style-local-3364-c3 position-relative\">\n        <!---->\n        <div class=\"h-row justify-content-lg-center justify-content-md-center justify-content-center align-items-lg-stretch align-items-md-stretch align-items-stretch gutters-col-lg-2 gutters-col-md-2 gutters-col-0 gutters-col-v-lg-2 gutters-col-v-md-2 gutters-col-v-2\">\n          <!---->\n          <div class=\"h-column h-column-container d-flex h-col-lg-auto h-col-md-auto h-col-auto style-899-outer style-local-3364-c4-outer\">\n            <div data-colibri-id=\"3364-c4\" class=\"d-flex h-flex-basis h-column__inner h-px-lg-2 h-px-md-2 h-px-2 v-inner-lg-2 v-inner-md-2 v-inner-2 style-899 style-local-3364-c4 position-relative\">\n              <!---->\n              <!---->\n              <div class=\"w-100 h-y-container h-column__content h-column__v-align flex-basis-100 align-self-lg-start align-self-md-start align-self-start\">\n                <!---->\n                <div data-colibri-id=\"3364-c5\" class=\"style-900 style-local-3364-c5 position-relative h-element\">\n                  <!---->\n                <\/div>\n              <\/div>\n            <\/div>\n          <\/div>\n        <\/div>\n      <\/div>\n      <div data-colibri-id=\"3364-c6\" class=\"h-row-container gutters-row-lg-2 gutters-row-md-2 gutters-row-0 gutters-row-v-lg-2 gutters-row-v-md-2 gutters-row-v-2 style-914 style-local-3364-c6 position-relative\">\n        <!---->\n        <div class=\"h-row justify-content-lg-center justify-content-md-center justify-content-center align-items-lg-stretch align-items-md-stretch align-items-stretch gutters-col-lg-2 gutters-col-md-2 gutters-col-0 gutters-col-v-lg-2 gutters-col-v-md-2 gutters-col-v-2\">\n          <!---->\n          <div class=\"h-column h-column-container d-flex h-col-lg-auto h-col-md-auto h-col-auto style-915-outer style-local-3364-c7-outer\">\n            <div data-colibri-id=\"3364-c7\" class=\"d-flex h-flex-basis h-column__inner h-px-lg-2 h-px-md-2 h-px-2 v-inner-lg-2 v-inner-md-2 v-inner-2 style-915 style-local-3364-c7 position-relative\">\n              <!---->\n              <!---->\n              <div class=\"w-100 h-y-container h-column__content h-column__v-align flex-basis-100 align-self-lg-start align-self-md-start align-self-start\">\n                <!---->\n                <div data-colibri-id=\"3364-c8\" class=\"h-global-transition-all h-heading style-916 style-local-3364-c8 position-relative h-element\">\n                  <!---->\n                  <div class=\"h-heading__outer style-916 style-local-3364-c8\">\n                    <!---->\n                    <!---->\n                    <h2 class=\"\">Apicultura<\/h2>\n                  <\/div>\n                <\/div>\n              <\/div>\n            <\/div>\n          <\/div>\n        <\/div>\n      <\/div>\n      <div data-colibri-id=\"3364-c9\" class=\"h-row-container gutters-row-lg-0 gutters-row-md-0 gutters-row-2 gutters-row-v-lg-0 gutters-row-v-md-0 gutters-row-v-2 style-888 style-local-3364-c9 position-relative\">\n        <!---->\n        <div class=\"h-row justify-content-lg-center justify-content-md-center justify-content-center align-items-lg-stretch align-items-md-stretch align-items-stretch gutters-col-lg-0 gutters-col-md-0 gutters-col-2 gutters-col-v-lg-0 gutters-col-v-md-0 gutters-col-v-2\">\n          <!---->\n          <div class=\"h-column h-column-container d-flex h-col-lg-4 h-col-md-4 h-col-12 style-889-outer style-local-3364-c10-outer\">\n            <div data-colibri-id=\"3364-c10\" class=\"d-flex h-flex-basis h-column__inner h-px-lg-3 h-px-md-3 h-px-2 v-inner-lg-3 v-inner-md-3 v-inner-2 style-889 style-local-3364-c10 position-relative\">\n              <!---->\n              <!---->\n              <div class=\"w-100 h-y-container h-column__content h-column__v-align flex-basis-100 align-self-lg-start align-self-md-start align-self-start\">\n                <!---->\n                <div data-colibri-id=\"3364-c11\" class=\"d-block style-903 style-local-3364-c11 position-relative h-element\">\n                  <!---->\n                  <div class=\"h-image__frame-container-outer\">\n                    <div class=\"h-image__frame-container\">\n                      <!---->\n                      <!---->\n                      <img loading=\"lazy\" decoding=\"async\" width=\"1280\" height=\"853\" src=\"https:\/\/ameralex.com\/wp-content\/uploads\/2023\/01\/6a9fb0ca2da524ce2596bd41f80494d9.jpeg\" class=\"wp-image-2622 style-903-image style-local-3364-c11-image\" alt=\"\" srcset=\"https:\/\/ameralex.com\/wp-content\/uploads\/2023\/01\/6a9fb0ca2da524ce2596bd41f80494d9.jpeg 1280w, https:\/\/ameralex.com\/wp-content\/uploads\/2023\/01\/6a9fb0ca2da524ce2596bd41f80494d9-300x200.jpeg 300w, https:\/\/ameralex.com\/wp-content\/uploads\/2023\/01\/6a9fb0ca2da524ce2596bd41f80494d9-1024x682.jpeg 1024w, https:\/\/ameralex.com\/wp-content\/uploads\/2023\/01\/6a9fb0ca2da524ce2596bd41f80494d9-768x512.jpeg 768w\" sizes=\"auto, (max-width: 1280px) 100vw, 1280px\" \/>\n                      <div class=\"h-image__frame h-hide-lg h-hide-md h-hide-sm style-903-frameImage style-local-3364-c11-frameImage\"><\/div>\n                    <\/div>\n                  <\/div>\n                <\/div>\n              <\/div>\n            <\/div>\n          <\/div>\n          <div class=\"h-column h-column-container d-flex h-col-lg-4 h-col-md-4 h-col-12 style-889-outer style-local-3364-c12-outer\">\n            <div data-colibri-id=\"3364-c12\" class=\"d-flex h-flex-basis h-column__inner h-px-lg-3 h-px-md-3 h-px-2 v-inner-lg-3 v-inner-md-3 v-inner-2 style-889 style-local-3364-c12 position-relative\">\n              <!---->\n              <!---->\n              <div class=\"w-100 h-y-container h-column__content h-column__v-align flex-basis-100 align-self-lg-start align-self-md-start align-self-start\">\n                <!---->\n                <div data-colibri-id=\"3364-c13\" class=\"d-block style-902 style-local-3364-c13 position-relative h-element\">\n                  <!---->\n                  <div class=\"h-image__frame-container-outer\">\n                    <div class=\"h-image__frame-container\">\n                      <!---->\n                      <!---->\n                      <img loading=\"lazy\" decoding=\"async\" width=\"1280\" height=\"960\" src=\"https:\/\/ameralex.com\/wp-content\/uploads\/2023\/01\/6b09af5aeee61da5ff00ad8a6c0c87d4-1.jpeg\" class=\"wp-image-2623 style-902-image style-local-3364-c13-image\" alt=\"\" srcset=\"https:\/\/ameralex.com\/wp-content\/uploads\/2023\/01\/6b09af5aeee61da5ff00ad8a6c0c87d4-1.jpeg 1280w, https:\/\/ameralex.com\/wp-content\/uploads\/2023\/01\/6b09af5aeee61da5ff00ad8a6c0c87d4-1-300x225.jpeg 300w, https:\/\/ameralex.com\/wp-content\/uploads\/2023\/01\/6b09af5aeee61da5ff00ad8a6c0c87d4-1-1024x768.jpeg 1024w, https:\/\/ameralex.com\/wp-content\/uploads\/2023\/01\/6b09af5aeee61da5ff00ad8a6c0c87d4-1-768x576.jpeg 768w\" sizes=\"auto, (max-width: 1280px) 100vw, 1280px\" \/>\n                      <div class=\"h-image__frame h-hide-lg h-hide-md h-hide-sm style-902-frameImage style-local-3364-c13-frameImage\"><\/div>\n                    <\/div>\n                  <\/div>\n                <\/div>\n              <\/div>\n            <\/div>\n          <\/div>\n          <div class=\"h-column h-column-container d-flex h-col-lg-4 h-col-md-4 h-col-12 style-889-outer style-local-3364-c14-outer\">\n            <div data-colibri-id=\"3364-c14\" class=\"d-flex h-flex-basis h-column__inner h-px-lg-3 h-px-md-3 h-px-2 v-inner-lg-3 v-inner-md-3 v-inner-2 style-889 style-local-3364-c14 position-relative\">\n              <!---->\n              <!---->\n              <div class=\"w-100 h-y-container h-column__content h-column__v-align flex-basis-100 align-self-lg-start align-self-md-start align-self-start\">\n                <!---->\n                <div data-colibri-id=\"3364-c15\" class=\"d-block style-901 style-local-3364-c15 position-relative h-element\">\n                  <!---->\n                  <div class=\"h-image__frame-container-outer\">\n                    <div class=\"h-image__frame-container\">\n                      <!---->\n                      <!---->\n                      <img loading=\"lazy\" decoding=\"async\" width=\"1280\" height=\"960\" src=\"https:\/\/ameralex.com\/wp-content\/uploads\/2023\/01\/6b197eba658a1c7ea2d8d34c3eb84383.jpeg\" class=\"wp-image-2627 style-901-image style-local-3364-c15-image\" alt=\"\" srcset=\"https:\/\/ameralex.com\/wp-content\/uploads\/2023\/01\/6b197eba658a1c7ea2d8d34c3eb84383.jpeg 1280w, https:\/\/ameralex.com\/wp-content\/uploads\/2023\/01\/6b197eba658a1c7ea2d8d34c3eb84383-300x225.jpeg 300w, https:\/\/ameralex.com\/wp-content\/uploads\/2023\/01\/6b197eba658a1c7ea2d8d34c3eb84383-1024x768.jpeg 1024w, https:\/\/ameralex.com\/wp-content\/uploads\/2023\/01\/6b197eba658a1c7ea2d8d34c3eb84383-768x576.jpeg 768w\" sizes=\"auto, (max-width: 1280px) 100vw, 1280px\" \/>\n                      <div class=\"h-image__frame h-hide-lg h-hide-md h-hide-sm style-901-frameImage style-local-3364-c15-frameImage\"><\/div>\n                    <\/div>\n                  <\/div>\n                <\/div>\n              <\/div>\n            <\/div>\n          <\/div>\n        <\/div>\n      <\/div>\n    <\/div>\n  <\/div>\n  <div data-colibri-component=\"section\" data-colibri-id=\"3364-c16\" id=\"overlappable\" class=\"h-section h-section-global-spacing d-flex align-items-lg-center align-items-md-center align-items-center style-879 style-local-3364-c16 position-relative\">\n    <!---->\n    <!---->\n    <div class=\"h-section-grid-container h-section-boxed-container\">\n      <!---->\n      <div data-colibri-id=\"3364-c17\" class=\"h-row-container gutters-row-lg-0 gutters-row-md-0 gutters-row-2 gutters-row-v-lg-0 gutters-row-v-md-0 gutters-row-v-2 style-880 style-local-3364-c17 position-relative\">\n        <!---->\n        <div class=\"h-row justify-content-lg-center justify-content-md-center justify-content-center align-items-lg-stretch align-items-md-stretch align-items-stretch gutters-col-lg-0 gutters-col-md-0 gutters-col-2 gutters-col-v-lg-0 gutters-col-v-md-0 gutters-col-v-2\">\n          <!---->\n          <div class=\"h-column h-column-container d-flex h-col-lg-4 h-col-md-4 h-col-12 style-881-outer style-local-3364-c18-outer\">\n            <div data-colibri-id=\"3364-c18\" class=\"d-flex h-flex-basis h-column__inner h-px-lg-3 h-px-md-3 h-px-2 v-inner-lg-3 v-inner-md-3 v-inner-2 style-881 style-local-3364-c18 position-relative\">\n              <!---->\n              <!---->\n              <div class=\"w-100 h-y-container h-column__content h-column__v-align flex-basis-100 align-self-lg-start align-self-md-start align-self-start\">\n                <!---->\n                <div data-colibri-id=\"3364-c19\" class=\"d-block style-895 style-local-3364-c19 position-relative h-element\">\n                  <!---->\n                  <div class=\"h-image__frame-container-outer\">\n                    <div class=\"h-image__frame-container\">\n                      <!---->\n                      <!---->\n                      <img loading=\"lazy\" decoding=\"async\" width=\"1280\" height=\"853\" src=\"https:\/\/ameralex.com\/wp-content\/uploads\/2023\/01\/83ea8b19dcc7d7125928b63b0a51a544.jpeg\" class=\"wp-image-2624 style-895-image style-local-3364-c19-image\" alt=\"\" srcset=\"https:\/\/ameralex.com\/wp-content\/uploads\/2023\/01\/83ea8b19dcc7d7125928b63b0a51a544.jpeg 1280w, https:\/\/ameralex.com\/wp-content\/uploads\/2023\/01\/83ea8b19dcc7d7125928b63b0a51a544-300x200.jpeg 300w, https:\/\/ameralex.com\/wp-content\/uploads\/2023\/01\/83ea8b19dcc7d7125928b63b0a51a544-1024x682.jpeg 1024w, https:\/\/ameralex.com\/wp-content\/uploads\/2023\/01\/83ea8b19dcc7d7125928b63b0a51a544-768x512.jpeg 768w\" sizes=\"auto, (max-width: 1280px) 100vw, 1280px\" \/>\n                      <div class=\"h-image__frame h-hide-lg h-hide-md h-hide-sm style-895-frameImage style-local-3364-c19-frameImage\"><\/div>\n                    <\/div>\n                  <\/div>\n                <\/div>\n              <\/div>\n            <\/div>\n          <\/div>\n          <div class=\"h-column h-column-container d-flex h-col-lg-4 h-col-md-4 h-col-12 style-881-outer style-local-3364-c20-outer\">\n            <div data-colibri-id=\"3364-c20\" class=\"d-flex h-flex-basis h-column__inner h-px-lg-3 h-px-md-3 h-px-2 v-inner-lg-3 v-inner-md-3 v-inner-2 style-881 style-local-3364-c20 position-relative\">\n              <!---->\n              <!---->\n              <div class=\"w-100 h-y-container h-column__content h-column__v-align flex-basis-100 align-self-lg-start align-self-md-start align-self-start\">\n                <!---->\n                <div data-colibri-id=\"3364-c21\" class=\"d-block style-896 style-local-3364-c21 position-relative h-element\">\n                  <!---->\n                  <div class=\"h-image__frame-container-outer\">\n                    <div class=\"h-image__frame-container\">\n                      <!---->\n                      <!---->\n                      <img loading=\"lazy\" decoding=\"async\" width=\"1280\" height=\"853\" src=\"https:\/\/ameralex.com\/wp-content\/uploads\/2023\/01\/c6524c2167296d191990006a4813ed19-1.jpeg\" class=\"wp-image-2626 style-896-image style-local-3364-c21-image\" alt=\"\" srcset=\"https:\/\/ameralex.com\/wp-content\/uploads\/2023\/01\/c6524c2167296d191990006a4813ed19-1.jpeg 1280w, https:\/\/ameralex.com\/wp-content\/uploads\/2023\/01\/c6524c2167296d191990006a4813ed19-1-300x200.jpeg 300w, https:\/\/ameralex.com\/wp-content\/uploads\/2023\/01\/c6524c2167296d191990006a4813ed19-1-1024x682.jpeg 1024w, https:\/\/ameralex.com\/wp-content\/uploads\/2023\/01\/c6524c2167296d191990006a4813ed19-1-768x512.jpeg 768w\" sizes=\"auto, (max-width: 1280px) 100vw, 1280px\" \/>\n                      <div class=\"h-image__frame h-hide-lg h-hide-md h-hide-sm style-896-frameImage style-local-3364-c21-frameImage\"><\/div>\n                    <\/div>\n                  <\/div>\n                <\/div>\n              <\/div>\n            <\/div>\n          <\/div>\n          <div class=\"h-column h-column-container d-flex h-col-lg-4 h-col-md-4 h-col-12 style-881-outer style-local-3364-c22-outer\">\n            <div data-colibri-id=\"3364-c22\" class=\"d-flex h-flex-basis h-column__inner h-px-lg-3 h-px-md-3 h-px-2 v-inner-lg-3 v-inner-md-3 v-inner-2 style-881 style-local-3364-c22 position-relative\">\n              <!---->\n              <!---->\n              <div class=\"w-100 h-y-container h-column__content h-column__v-align flex-basis-100 align-self-lg-start align-self-md-start align-self-start\">\n                <!---->\n                <div data-colibri-id=\"3364-c23\" class=\"d-block style-897 style-local-3364-c23 position-relative h-element\">\n                  <!---->\n                  <div class=\"h-image__frame-container-outer\">\n                    <div class=\"h-image__frame-container\">\n                      <!---->\n                      <!---->\n                      <img loading=\"lazy\" decoding=\"async\" width=\"1280\" height=\"853\" src=\"https:\/\/ameralex.com\/wp-content\/uploads\/2023\/01\/d8218be634428f1450702e4ecf3f3e3f.jpeg\" class=\"wp-image-2625 style-897-image style-local-3364-c23-image\" alt=\"\" srcset=\"https:\/\/ameralex.com\/wp-content\/uploads\/2023\/01\/d8218be634428f1450702e4ecf3f3e3f.jpeg 1280w, https:\/\/ameralex.com\/wp-content\/uploads\/2023\/01\/d8218be634428f1450702e4ecf3f3e3f-300x200.jpeg 300w, https:\/\/ameralex.com\/wp-content\/uploads\/2023\/01\/d8218be634428f1450702e4ecf3f3e3f-1024x682.jpeg 1024w, https:\/\/ameralex.com\/wp-content\/uploads\/2023\/01\/d8218be634428f1450702e4ecf3f3e3f-768x512.jpeg 768w\" sizes=\"auto, (max-width: 1280px) 100vw, 1280px\" \/>\n                      <div class=\"h-image__frame h-hide-lg h-hide-md h-hide-sm style-897-frameImage style-local-3364-c23-frameImage\"><\/div>\n                    <\/div>\n                  <\/div>\n                <\/div>\n              <\/div>\n            <\/div>\n          <\/div>\n        <\/div>\n      <\/div>\n      <div data-colibri-id=\"3364-c24\" class=\"h-row-container gutters-row-lg-2 gutters-row-md-2 gutters-row-0 gutters-row-v-lg-2 gutters-row-v-md-2 gutters-row-v-2 style-907 style-local-3364-c24 position-relative\">\n        <!---->\n        <div class=\"h-row justify-content-lg-center justify-content-md-center justify-content-center align-items-lg-stretch align-items-md-stretch align-items-stretch gutters-col-lg-2 gutters-col-md-2 gutters-col-0 gutters-col-v-lg-2 gutters-col-v-md-2 gutters-col-v-2\">\n          <!---->\n          <div class=\"h-column h-column-container d-flex h-col-lg-auto h-col-md-auto h-col-auto style-908-outer style-local-3364-c25-outer\">\n            <div data-colibri-id=\"3364-c25\" class=\"d-flex h-flex-basis h-column__inner h-px-lg-2 h-px-md-2 h-px-2 v-inner-lg-2 v-inner-md-2 v-inner-2 style-908 style-local-3364-c25 position-relative\">\n              <!---->\n              <!---->\n              <div class=\"w-100 h-y-container h-column__content h-column__v-align flex-basis-100 align-self-lg-start align-self-md-start align-self-start\">\n                <!---->\n                <div data-colibri-id=\"3364-c26\" class=\"h-text h-text-component style-906 style-local-3364-c26 position-relative h-element\">\n                  <!---->\n                  <!---->\n                  <div class=\"\">\n                    <p>\n                      <br>\n                    <\/p>\n                    <p><strong>AMERALEX SAS<\/strong>&nbsp;en su af\u00e1n de generar una miner\u00eda responsable se ha encaminado en la b\u00fasqueda de proyectos que ayuden al medio ambiente.<\/p>\n                    <p>En este ambicioso proyecto buscamos demostrar que la miner\u00eda se puede llevar de la mano con seres tan importantes como las abejas, seres que han sido enmarcados como \u201clos seres vivos mas importantes del planeta\u201d.<\/p>\n                    <p>Este proyecto busca que el Titulo FFB-081 este libre de pesticidas para la propagaci\u00f3n de las abejas, multiplicando las colmenas y fomentando la arborizaci\u00f3n en toda la zona.<\/p>\n                    <p>&nbsp;Tambi\u00e9n presenta para la regi\u00f3n la posibilidad de una nueva fuente de empleo con la producci\u00f3n de miel, prop\u00f3leo y los diferentes productos que se pueden obtener de esta actividad.&nbsp;<\/p>\n                    <p>Para el desarrollo de el proyecto de apicultura, tenemos un aliado muy especial. El se\u00f1or Pedro Arias oriundo de la regi\u00f3n y que lleva mas de treinta a\u00f1os trabajando con abejas, el elabora en la actualidad miel org\u00e1nica y posee mas\n                      de trecientas colmenas emplazadas en el municipio de Boavita. Al igual que nosotros busca demostrar que las actividades del hombre pueden ser sustentables y complementarse con la naturaleza siempre que sean hechas con respeto y responsabilidad.<\/p>\n                    <p>\n                      <br>\n                    <\/p>\n                  <\/div>\n                <\/div>\n              <\/div>\n            <\/div>\n          <\/div>\n        <\/div>\n      <\/div>\n    <\/div>\n  <\/div>\n<\/div>","protected":false},"excerpt":{"rendered":"<p>Apicultura AMERALEX SAS&nbsp;en su af\u00e1n de generar una miner\u00eda responsable se ha encaminado en la b\u00fasqueda de proyectos que ayuden al medio ambiente. En este ambicioso proyecto buscamos demostrar que la miner\u00eda se puede llevar de la mano con seres tan importantes como las abejas, seres que han sido enmarcados como \u201clos seres vivos mas [&hellip;]<\/p>\n","protected":false},"author":1,"featured_media":0,"parent":0,"menu_order":0,"comment_status":"closed","ping_status":"closed","template":"page-templates\/full-width-page.php","meta":{"footnotes":""},"class_list":["post-3364","page","type-page","status-publish","hentry"],"_links":{"self":[{"href":"https:\/\/ameralex.com\/index.php?rest_route=\/wp\/v2\/pages\/3364","targetHints":{"allow":["GET"]}}],"collection":[{"href":"https:\/\/ameralex.com\/index.php?rest_route=\/wp\/v2\/pages"}],"about":[{"href":"https:\/\/ameralex.com\/index.php?rest_route=\/wp\/v2\/types\/page"}],"author":[{"embeddable":true,"href":"https:\/\/ameralex.com\/index.php?rest_route=\/wp\/v2\/users\/1"}],"replies":[{"embeddable":true,"href":"https:\/\/ameralex.com\/index.php?rest_route=%2Fwp%2Fv2%2Fcomments&post=3364"}],"version-history":[{"count":10,"href":"https:\/\/ameralex.com\/index.php?rest_route=\/wp\/v2\/pages\/3364\/revisions"}],"predecessor-version":[{"id":4066,"href":"https:\/\/ameralex.com\/index.php?rest_route=\/wp\/v2\/pages\/3364\/revisions\/4066"}],"wp:attachment":[{"href":"https:\/\/ameralex.com\/index.php?rest_route=%2Fwp%2Fv2%2Fmedia&parent=3364"}],"curies":[{"name":"wp","href":"https:\/\/api.w.org\/{rel}","templated":true}]}}